{"id":5268,"date":"2019-11-19T20:55:15","date_gmt":"2019-11-19T19:55:15","guid":{"rendered":"https:\/\/termixuri2.pre-testing.com\/blog\/?page_id=5268"},"modified":"2020-10-06T11:26:22","modified_gmt":"2020-10-06T09:26:22","slug":"afiliados","status":"publish","type":"page","link":"https:\/\/termix.net\/blog\/es\/afiliados\/","title":{"rendered":"Afiliados"},"content":{"rendered":"<p><div class=\"fusion-fullwidth fullwidth-box fusion-builder-row-1 nonhundred-percent-fullwidth non-hundred-percent-height-scrolling\" style=\"--awb-border-radius-top-left:0px;--awb-border-radius-top-right:0px;--awb-border-radius-bottom-right:0px;--awb-border-radius-bottom-left:0px;--awb-margin-top:0px;--awb-margin-bottom:0px;--awb-background-color:#ffffff;\" ><div class=\"fusion-builder-row fusion-row\"><div class=\"fusion-layout-column fusion_builder_column fusion-builder-column-0 fusion_builder_column_1_1 1_1 fusion-one-full fusion-column-first fusion-column-last\" style=\"--awb-bg-color:#ffffff;--awb-bg-size:cover;--awb-margin-top:0px;--awb-margin-bottom:0px;\"><div class=\"fusion-column-wrapper fusion-column-has-shadow fusion-flex-column-wrapper-legacy\"><div class=\"fusion-title title fusion-title-1 fusion-sep-none fusion-title-text fusion-title-size-one\"><h1 class=\"title-heading-left fusion-responsive-typography-calculated\" style=\"margin:0;--fontSize:50;line-height:1;\"><h1 style=\"text-align: center;\">Programa de Afiliados<\/h1><\/h1><\/div><div class=\"fusion-clearfix\"><\/div><\/div><\/div><\/div><\/div><div class=\"fusion-fullwidth fullwidth-box fusion-builder-row-2 hundred-percent-fullwidth non-hundred-percent-height-scrolling fusion-equal-height-columns\" style=\"--awb-border-radius-top-left:0px;--awb-border-radius-top-right:0px;--awb-border-radius-bottom-right:0px;--awb-border-radius-bottom-left:0px;\" ><div class=\"fusion-builder-row fusion-row\"><div class=\"fusion-layout-column fusion_builder_column fusion-builder-column-1 fusion_builder_column_2_3 2_3 fusion-two-third fusion-column-first fusion-column-no-min-height fusion-animated\" style=\"--awb-bg-size:cover;width:66.666666666667%;width:calc(66.666666666667% - ( ( 4% ) * 0.66666666666667 ) );margin-right: 4%;\" data-animationType=\"fadeInLeft\" data-animationDuration=\"0.3\" data-animationOffset=\"top-into-view\"><div class=\"fusion-column-wrapper fusion-column-has-shadow fusion-flex-column-wrapper-legacy\"><div class=\"fusion-column-content-centered\"><div class=\"fusion-column-content\"><div class=\"fusion-image-element in-legacy-container\" style=\"--awb-caption-title-size:var(--h2_typography-font-size);--awb-caption-title-transform:var(--h2_typography-text-transform);--awb-caption-title-line-height:var(--h2_typography-line-height);--awb-caption-title-letter-spacing:var(--h2_typography-letter-spacing);\"><span class=\" fusion-imageframe imageframe-none imageframe-1 hover-type-none fusion-animated\" data-animationType=\"fadeInRight\" data-animationDuration=\"0.3\" data-animationOffset=\"top-into-view\"><img decoding=\"async\" width=\"1160\" height=\"660\" title=\"termix-afiliados\" src=\"https:\/\/termix.net\/blog\/wp-content\/uploads\/2019\/11\/termix-afiliados.jpg\" alt class=\"img-responsive wp-image-5269\" srcset=\"https:\/\/termix.net\/blog\/wp-content\/uploads\/2019\/11\/termix-afiliados-200x114.jpg 200w, https:\/\/termix.net\/blog\/wp-content\/uploads\/2019\/11\/termix-afiliados-400x228.jpg 400w, https:\/\/termix.net\/blog\/wp-content\/uploads\/2019\/11\/termix-afiliados-600x341.jpg 600w, https:\/\/termix.net\/blog\/wp-content\/uploads\/2019\/11\/termix-afiliados-800x455.jpg 800w, https:\/\/termix.net\/blog\/wp-content\/uploads\/2019\/11\/termix-afiliados.jpg 1160w\" sizes=\"(max-width: 1060px) 100vw, 1160px\" \/><\/span><\/div><\/div><\/div><div class=\"fusion-clearfix\"><\/div><\/div><\/div><div class=\"fusion-layout-column fusion_builder_column fusion-builder-column-2 fusion_builder_column_1_3 1_3 fusion-one-third fusion-column-last fusion-column-no-min-height\" style=\"--awb-padding-right:6%;--awb-padding-left:3%;--awb-bg-size:cover;width:33.333333333333%;width:calc(33.333333333333% - ( ( 4% ) * 0.33333333333333 ) );\"><div class=\"fusion-column-wrapper fusion-column-has-shadow fusion-flex-column-wrapper-legacy\"><div class=\"fusion-column-content-centered\"><div class=\"fusion-column-content\"><div class=\"fusion-text fusion-text-1\"><h3>Tienes un blog, eres youtuber o instagramer dedicada a la belleza\u2026 \u00a1queremos contactarte!<\/h3>\n<p><ul style=\"--awb-line-height:23.8px;--awb-icon-width:23.8px;--awb-icon-height:23.8px;--awb-icon-margin:9.8px;--awb-content-margin:33.6px;--awb-circlecolor:#181818;--awb-circle-yes-font-size:12.32px;\" class=\"fusion-checklist fusion-checklist-1 fusion-checklist-default type-icons\"><li class=\"fusion-li-item\" style=\"\"><span class=\"icon-wrapper circle-yes\"><i class=\"fusion-li-icon fa-gratipay fab\" aria-hidden=\"true\"><\/i><\/span><div class=\"fusion-li-item-content\"><\/p>\n<p>Reg\u00edstrate en nuestro programa de <strong>afiliados Awin<\/strong> y te proporcionaremos todo lo que necesites para poder promocionar nuestra marca. Desde producto, informaci\u00f3n, recursos gr\u00e1ficos&#8230;<\/p>\n<p><\/div><\/li><\/ul>\n<ul style=\"--awb-line-height:23.8px;--awb-icon-width:23.8px;--awb-icon-height:23.8px;--awb-icon-margin:9.8px;--awb-content-margin:33.6px;--awb-circlecolor:#181818;--awb-circle-yes-font-size:12.32px;\" class=\"fusion-checklist fusion-checklist-2 fusion-checklist-default type-icons\"><li class=\"fusion-li-item\" style=\"\"><span class=\"icon-wrapper circle-yes\"><i class=\"fusion-li-icon fa-gratipay fab\" aria-hidden=\"true\"><\/i><\/span><div class=\"fusion-li-item-content\"><\/p>\n<p>Adem\u00e1s, por cada pedido completado desde tu link trackeable o que haya utilizado el c\u00f3digo de descuento generado exclusivamente para ti\u2026 \u00a1recibir\u00e1s una comisi\u00f3n!<\/p>\n<p><\/div><\/li><\/ul><\/p>\n<\/div><\/div><\/div><div class=\"fusion-clearfix\"><\/div><\/div><\/div><\/div><\/div><div class=\"fusion-fullwidth fullwidth-box fusion-builder-row-3 nonhundred-percent-fullwidth non-hundred-percent-height-scrolling fusion-equal-height-columns\" style=\"--awb-border-sizes-top:28px;--awb-border-sizes-bottom:28px;--awb-border-sizes-left:0px;--awb-border-sizes-right:0px;--awb-border-color:#ffffff;--awb-border-radius-top-left:0px;--awb-border-radius-top-right:0px;--awb-border-radius-bottom-right:0px;--awb-border-radius-bottom-left:0px;\" ><div class=\"fusion-builder-row fusion-row\"><div class=\"fusion-layout-column fusion_builder_column fusion-builder-column-3 fusion_builder_column_1_1 1_1 fusion-one-full fusion-column-first fusion-column-last fusion-column-no-min-height\" style=\"--awb-bg-size:cover;\"><div class=\"fusion-column-wrapper fusion-column-has-shadow fusion-flex-column-wrapper-legacy\"><div class=\"fusion-column-content-centered\"><div class=\"fusion-column-content\"><div class=\"fusion-title title fusion-title-2 fusion-sep-none fusion-title-text fusion-title-size-one\"><h1 class=\"title-heading-left fusion-responsive-typography-calculated\" style=\"margin:0;--fontSize:50;line-height:1;\"><h2>Descubre mucho m\u00e1s&#8230;<\/h2><\/h1><\/div><div class=\"fusion-text fusion-text-2\"><p><strong>Salud, arte, expresi\u00f3n, identidad<\/strong>\u2026 Nuestro cabello es \u00fanico y nos define. Es por ello que en <strong>Termix<\/strong> llevamos m\u00e1s de tres d\u00e9cadas dedicadas al cuidado profesional del cabello. Una <strong>pasi\u00f3n<\/strong> que reafirma una nueva forma de entender la peluquer\u00eda, d\u00f3nde la principal experiencia pasa por contribuir a mejorar y cuidar esa parte de nuestro estilo que nos define y representa.<\/p>\n<blockquote>\n<p><em>Porque un cabello sano y cuidado es sin\u00f3nimo de confianza, autoestima y felicidad<\/em><\/p>\n<\/blockquote>\n<p><strong>\u00bfC\u00f3mo puedes participar?<\/strong><\/p>\n<p>Inf\u00f3rmate de todas las opciones que tienes para colaborar con Termix y convertirte en uno de nuestros afiliados en nuestra plataforma Awin.<\/p>\n<\/div><div class=\"fusion-sep-clear\"><\/div><div class=\"fusion-separator fusion-full-width-sep\" style=\"margin-left: auto;margin-right: auto;margin-top:20PX;width:100%;\"><\/div><div class=\"fusion-sep-clear\"><\/div><div class=\"fusion-alignleft\"><a class=\"fusion-button button-flat button-medium button-custom fusion-button-default button-1 fusion-button-default-span fusion-button-default-type\" style=\"--button_accent_color:#ffffff;--button_accent_hover_color:#000000;--button_border_hover_color:#000000;--button_gradient_top_color:#000000;--button_gradient_bottom_color:#000000;--button_gradient_top_color_hover:#ffffff;--button_gradient_bottom_color_hover:#ffffff;\" target=\"_blank\" rel=\"noopener noreferrer\" href=\"https:\/\/termix.net\/blog\/wp-content\/uploads\/2019\/11\/termix-afiliados.pdf\"><span class=\"fusion-button-text\">DESCARGAR TODA LA INFO<\/span><\/a><\/div><div class=\"fusion-sep-clear\"><\/div><div class=\"fusion-separator fusion-full-width-sep\" style=\"margin-left: auto;margin-right: auto;margin-top:20PX;width:100%;\"><\/div><div class=\"fusion-sep-clear\"><\/div><div class=\"fusion-text fusion-text-3\"><h3><strong>Ser #Termixlover tiene muchas ventajas:<\/strong><\/h3>\n<ul>\n<li>Recibe comisi\u00f3n por cada pedido completado que haya utilizado tu c\u00f3digo de descuento o link trackeable<\/li>\n<li>Obt\u00e9n todos los recursos para promocionar la marca: im\u00e1genes, producto, texto, grafismos\u2026<\/li>\n<li>Recibir\u00e1s informaci\u00f3n exclusiva y comunicaciones peri\u00f3dicas<\/li>\n<li>El valor medio de nuestro pedido es alto<\/li>\n<li>Termix cuenta con una gran acogida en el sector profesional y se posiciona como una marca de referencia en el sector de la peluquer\u00eda<\/li>\n<\/ul>\n<h4><strong>M\u00e1s informaci\u00f3n<\/strong><\/h4>\n<p>Si tienes cualquier duda o pregunta, puedes ponerte en contacto con Termix a trav\u00e9s del email:\u00a0<a href=\"mailto:community@termix.net\">community@termix.net.<\/a><\/p>\n<p>Tambi\u00e9n puedes ponerte en contacto con nuestro<a href=\"https:\/\/termix.net\/blog\/es\/prensa\/\"> departamento de comunicaci\u00f3n<\/a> para valorar las mejores opciones de colaboraciones con la marca. \u00a1Te esperamos!<\/p>\n<p>#LoveTermix #LovemyHair<\/p>\n<\/div><\/div><\/div><div class=\"fusion-clearfix\"><\/div><\/div><\/div><\/div><\/div><\/p>\n","protected":false},"excerpt":{"rendered":"","protected":false},"author":1,"featured_media":0,"parent":0,"menu_order":0,"comment_status":"closed","ping_status":"closed","template":"100-width.php","meta":[],"yoast_head":"<!-- This site is optimized with the Yoast SEO plugin v20.0 - https:\/\/yoast.com\/wordpress\/plugins\/seo\/ -->\n<title>Programa de Afiliados - C\u00f3mo colaborar con Termix<\/title>\n<meta name=\"description\" content=\"Inf\u00f3rmate de todas las opciones que tienes para colaborar con Termix y convertirte en uno de nuestros afiliados. #LoveTermix\" \/>\n<meta name=\"robots\" content=\"index, follow, max-snippet:-1, max-image-preview:large, max-video-preview:-1\" \/>\n<link rel=\"canonical\" href=\"https:\/\/termix.net\/blog\/es\/afiliados\/\" \/>\n<meta property=\"og:locale\" content=\"es_ES\" \/>\n<meta property=\"og:type\" content=\"article\" \/>\n<meta property=\"og:title\" content=\"Programa de Afiliados - C\u00f3mo colaborar con Termix\" \/>\n<meta property=\"og:description\" content=\"Inf\u00f3rmate de todas las opciones que tienes para colaborar con Termix y convertirte en uno de nuestros afiliados. #LoveTermix\" \/>\n<meta property=\"og:url\" content=\"https:\/\/termix.net\/blog\/es\/afiliados\/\" \/>\n<meta property=\"og:site_name\" content=\"Blog Termix Spain\" \/>\n<meta property=\"article:modified_time\" content=\"2020-10-06T09:26:22+00:00\" \/>\n<meta name=\"twitter:card\" content=\"summary_large_image\" \/>\n<meta name=\"twitter:label1\" content=\"Tiempo de lectura\" \/>\n\t<meta name=\"twitter:data1\" content=\"9 minutos\" \/>\n<script type=\"application\/ld+json\" class=\"yoast-schema-graph\">{\"@context\":\"https:\/\/schema.org\",\"@graph\":[{\"@type\":\"WebPage\",\"@id\":\"https:\/\/termix.net\/blog\/es\/afiliados\/\",\"url\":\"https:\/\/termix.net\/blog\/es\/afiliados\/\",\"name\":\"Programa de Afiliados - C\u00f3mo colaborar con Termix\",\"isPartOf\":{\"@id\":\"https:\/\/termix.net\/blog\/es\/#website\"},\"datePublished\":\"2019-11-19T19:55:15+00:00\",\"dateModified\":\"2020-10-06T09:26:22+00:00\",\"description\":\"Inf\u00f3rmate de todas las opciones que tienes para colaborar con Termix y convertirte en uno de nuestros afiliados. #LoveTermix\",\"breadcrumb\":{\"@id\":\"https:\/\/termix.net\/blog\/es\/afiliados\/#breadcrumb\"},\"inLanguage\":\"es\",\"potentialAction\":[{\"@type\":\"ReadAction\",\"target\":[\"https:\/\/termix.net\/blog\/es\/afiliados\/\"]}]},{\"@type\":\"BreadcrumbList\",\"@id\":\"https:\/\/termix.net\/blog\/es\/afiliados\/#breadcrumb\",\"itemListElement\":[{\"@type\":\"ListItem\",\"position\":1,\"name\":\"Home\",\"item\":\"https:\/\/termix.net\/blog\/es\/\"},{\"@type\":\"ListItem\",\"position\":2,\"name\":\"Afiliados\"}]},{\"@type\":\"WebSite\",\"@id\":\"https:\/\/termix.net\/blog\/es\/#website\",\"url\":\"https:\/\/termix.net\/blog\/es\/\",\"name\":\"Blog Termix Spain\",\"description\":\"Blog de tendencias y productos de peluquer\u00eda profesional.\",\"publisher\":{\"@id\":\"https:\/\/termix.net\/blog\/es\/#organization\"},\"potentialAction\":[{\"@type\":\"SearchAction\",\"target\":{\"@type\":\"EntryPoint\",\"urlTemplate\":\"https:\/\/termix.net\/blog\/es\/?s={search_term_string}\"},\"query-input\":\"required name=search_term_string\"}],\"inLanguage\":\"es\"},{\"@type\":\"Organization\",\"@id\":\"https:\/\/termix.net\/blog\/es\/#organization\",\"name\":\"Dols Industrial de Peluquer\u00eda SA\",\"url\":\"https:\/\/termix.net\/blog\/es\/\",\"logo\":{\"@type\":\"ImageObject\",\"inLanguage\":\"es\",\"@id\":\"https:\/\/termix.net\/blog\/es\/#\/schema\/logo\/image\/\",\"url\":\"https:\/\/termix.net\/blog\/wp-content\/uploads\/2020\/10\/OGbDAeng.jpeg\",\"contentUrl\":\"https:\/\/termix.net\/blog\/wp-content\/uploads\/2020\/10\/OGbDAeng.jpeg\",\"width\":800,\"height\":800,\"caption\":\"Dols Industrial de Peluquer\u00eda SA\"},\"image\":{\"@id\":\"https:\/\/termix.net\/blog\/es\/#\/schema\/logo\/image\/\"}}]}<\/script>\n<!-- \/ Yoast SEO plugin. -->","yoast_head_json":{"title":"Programa de Afiliados - C\u00f3mo colaborar con Termix","description":"Inf\u00f3rmate de todas las opciones que tienes para colaborar con Termix y convertirte en uno de nuestros afiliados. #LoveTermix","robots":{"index":"index","follow":"follow","max-snippet":"max-snippet:-1","max-image-preview":"max-image-preview:large","max-video-preview":"max-video-preview:-1"},"canonical":"https:\/\/termix.net\/blog\/es\/afiliados\/","og_locale":"es_ES","og_type":"article","og_title":"Programa de Afiliados - C\u00f3mo colaborar con Termix","og_description":"Inf\u00f3rmate de todas las opciones que tienes para colaborar con Termix y convertirte en uno de nuestros afiliados. #LoveTermix","og_url":"https:\/\/termix.net\/blog\/es\/afiliados\/","og_site_name":"Blog Termix Spain","article_modified_time":"2020-10-06T09:26:22+00:00","twitter_card":"summary_large_image","twitter_misc":{"Tiempo de lectura":"9 minutos"},"schema":{"@context":"https:\/\/schema.org","@graph":[{"@type":"WebPage","@id":"https:\/\/termix.net\/blog\/es\/afiliados\/","url":"https:\/\/termix.net\/blog\/es\/afiliados\/","name":"Programa de Afiliados - C\u00f3mo colaborar con Termix","isPartOf":{"@id":"https:\/\/termix.net\/blog\/es\/#website"},"datePublished":"2019-11-19T19:55:15+00:00","dateModified":"2020-10-06T09:26:22+00:00","description":"Inf\u00f3rmate de todas las opciones que tienes para colaborar con Termix y convertirte en uno de nuestros afiliados. #LoveTermix","breadcrumb":{"@id":"https:\/\/termix.net\/blog\/es\/afiliados\/#breadcrumb"},"inLanguage":"es","potentialAction":[{"@type":"ReadAction","target":["https:\/\/termix.net\/blog\/es\/afiliados\/"]}]},{"@type":"BreadcrumbList","@id":"https:\/\/termix.net\/blog\/es\/afiliados\/#breadcrumb","itemListElement":[{"@type":"ListItem","position":1,"name":"Home","item":"https:\/\/termix.net\/blog\/es\/"},{"@type":"ListItem","position":2,"name":"Afiliados"}]},{"@type":"WebSite","@id":"https:\/\/termix.net\/blog\/es\/#website","url":"https:\/\/termix.net\/blog\/es\/","name":"Blog Termix Spain","description":"Blog de tendencias y productos de peluquer\u00eda profesional.","publisher":{"@id":"https:\/\/termix.net\/blog\/es\/#organization"},"potentialAction":[{"@type":"SearchAction","target":{"@type":"EntryPoint","urlTemplate":"https:\/\/termix.net\/blog\/es\/?s={search_term_string}"},"query-input":"required name=search_term_string"}],"inLanguage":"es"},{"@type":"Organization","@id":"https:\/\/termix.net\/blog\/es\/#organization","name":"Dols Industrial de Peluquer\u00eda SA","url":"https:\/\/termix.net\/blog\/es\/","logo":{"@type":"ImageObject","inLanguage":"es","@id":"https:\/\/termix.net\/blog\/es\/#\/schema\/logo\/image\/","url":"https:\/\/termix.net\/blog\/wp-content\/uploads\/2020\/10\/OGbDAeng.jpeg","contentUrl":"https:\/\/termix.net\/blog\/wp-content\/uploads\/2020\/10\/OGbDAeng.jpeg","width":800,"height":800,"caption":"Dols Industrial de Peluquer\u00eda SA"},"image":{"@id":"https:\/\/termix.net\/blog\/es\/#\/schema\/logo\/image\/"}}]}},"_links":{"self":[{"href":"https:\/\/termix.net\/blog\/es\/wp-json\/wp\/v2\/pages\/5268"}],"collection":[{"href":"https:\/\/termix.net\/blog\/es\/wp-json\/wp\/v2\/pages"}],"about":[{"href":"https:\/\/termix.net\/blog\/es\/wp-json\/wp\/v2\/types\/page"}],"author":[{"embeddable":true,"href":"https:\/\/termix.net\/blog\/es\/wp-json\/wp\/v2\/users\/1"}],"replies":[{"embeddable":true,"href":"https:\/\/termix.net\/blog\/es\/wp-json\/wp\/v2\/comments?post=5268"}],"version-history":[{"count":17,"href":"https:\/\/termix.net\/blog\/es\/wp-json\/wp\/v2\/pages\/5268\/revisions"}],"predecessor-version":[{"id":26975,"href":"https:\/\/termix.net\/blog\/es\/wp-json\/wp\/v2\/pages\/5268\/revisions\/26975"}],"wp:attachment":[{"href":"https:\/\/termix.net\/blog\/es\/wp-json\/wp\/v2\/media?parent=5268"}],"curies":[{"name":"wp","href":"https:\/\/api.w.org\/{rel}","templated":true}]}}