{"id":25745,"date":"2020-03-26T16:34:25","date_gmt":"2020-03-26T15:34:25","guid":{"rendered":"https:\/\/termix.net\/blog\/?page_id=25745"},"modified":"2020-03-26T16:34:25","modified_gmt":"2020-03-26T15:34:25","slug":"preguntas-frecuentes-coronavirus-termix","status":"publish","type":"page","link":"https:\/\/termix.net\/blog\/es\/preguntas-frecuentes-coronavirus-termix\/","title":{"rendered":"FAQ Afectaciones COVID19"},"content":{"rendered":"<p><div class=\"fusion-fullwidth fullwidth-box fusion-builder-row-1 nonhundred-percent-fullwidth non-hundred-percent-height-scrolling\" style=\"--awb-border-radius-top-left:0px;--awb-border-radius-top-right:0px;--awb-border-radius-bottom-right:0px;--awb-border-radius-bottom-left:0px;--awb-margin-top:0px;--awb-margin-bottom:0px;--awb-background-color:#ffffff;\" ><div class=\"fusion-builder-row fusion-row\"><div class=\"fusion-layout-column fusion_builder_column fusion-builder-column-0 fusion_builder_column_1_1 1_1 fusion-one-full fusion-column-first fusion-column-last\" style=\"--awb-bg-color:#ffffff;--awb-bg-size:cover;--awb-margin-top:0px;--awb-margin-bottom:0px;\"><div class=\"fusion-column-wrapper fusion-column-has-shadow fusion-flex-column-wrapper-legacy\"><div class=\"fusion-title title fusion-title-1 fusion-sep-none fusion-title-text fusion-title-size-one\"><h1 class=\"title-heading-left fusion-responsive-typography-calculated\" style=\"margin:0;--fontSize:50;line-height:1;\"><h3 style=\"text-align: center;\">Afectaciones COVID-19<\/h3>\n<h3 style=\"text-align: center;\"><\/h3><\/h1><\/div><div class=\"fusion-text fusion-text-1\"><h3 style=\"font-family: Roboto; font-weight: 300;\" data-fontsize=\"36\" data-lineheight=\"54\" data-fusion-font=\"true\" data-fusion-google-font=\"Roboto\" data-fusion-google-variant=\"300\" data-fusion-google-subset=\"latin\">Ahora m\u00e1s que nunca, estar unidos es clave.<\/h3>\n<p style=\"text-align: justify;\">Mientras atravesamos por esta crisis ins\u00f3lita, nuestra m\u00e1xima <strong>prioridad sigue siendo la salud y bienestar<\/strong> de todos nosotros, de nuestras familias y entornos. El <strong>Real Decreto 463\/2020 <\/strong>aprobado en Espa\u00f1a que declara el Estado de Alarma para frenar la expansi\u00f3n del <strong>Coronavirus COVID-19<\/strong>, establece importantes limitaciones para la movilidad de las personas y restricciones para la apertura de comercios, al tiempo que establece que garanticemos la continuidad de nuestra actividad y negocio.<\/p>\n<\/div><div class=\"fusion-clearfix\"><\/div><\/div><\/div><\/div><\/div><div class=\"fusion-fullwidth fullwidth-box fusion-builder-row-2 hundred-percent-fullwidth non-hundred-percent-height-scrolling\" style=\"--awb-border-radius-top-left:0px;--awb-border-radius-top-right:0px;--awb-border-radius-bottom-right:0px;--awb-border-radius-bottom-left:0px;\" ><div class=\"fusion-builder-row fusion-row\"><div class=\"fusion-layout-column fusion_builder_column fusion-builder-column-1 fusion_builder_column_1_2 1_2 fusion-one-half fusion-column-first\" style=\"--awb-bg-image:url(&#039;https:\/\/termix.net\/blog\/wp-content\/uploads\/2019\/11\/contacta-con-nosotros-preguntas.jpg&#039;);--awb-bg-position:left center;--awb-bg-size:cover;width:50%;width:calc(50% - ( ( 4% ) * 0.5 ) );margin-right: 4%;\"><div class=\"fusion-column-wrapper fusion-column-has-shadow fusion-flex-column-wrapper-legacy\" data-bg-url=\"https:\/\/termix.net\/blog\/wp-content\/uploads\/2019\/11\/contacta-con-nosotros-preguntas.jpg\"><div class=\"fusion-image-element in-legacy-container\" style=\"--awb-caption-title-size:var(--h2_typography-font-size);--awb-caption-title-transform:var(--h2_typography-text-transform);--awb-caption-title-line-height:var(--h2_typography-line-height);--awb-caption-title-letter-spacing:var(--h2_typography-letter-spacing);\"><span class=\" fusion-imageframe imageframe-none imageframe-1 hover-type-none\"><img decoding=\"async\" width=\"1080\" height=\"1080\" title=\"love\" src=\"https:\/\/termix.net\/blog\/wp-content\/uploads\/2020\/03\/love.jpg\" alt class=\"img-responsive wp-image-25747\" srcset=\"https:\/\/termix.net\/blog\/wp-content\/uploads\/2020\/03\/love-200x200.jpg 200w, https:\/\/termix.net\/blog\/wp-content\/uploads\/2020\/03\/love-400x400.jpg 400w, https:\/\/termix.net\/blog\/wp-content\/uploads\/2020\/03\/love-600x600.jpg 600w, https:\/\/termix.net\/blog\/wp-content\/uploads\/2020\/03\/love-800x800.jpg 800w, https:\/\/termix.net\/blog\/wp-content\/uploads\/2020\/03\/love.jpg 1080w\" sizes=\"(max-width: 1060px) 100vw, 1080px\" \/><\/span><\/div><div class=\"fusion-clearfix\"><\/div><\/div><\/div><div class=\"fusion-layout-column fusion_builder_column fusion-builder-column-2 fusion_builder_column_1_2 1_2 fusion-one-half fusion-column-last fusion-column-no-min-height\" style=\"--awb-padding-right:6%;--awb-padding-left:3%;--awb-bg-size:cover;width:50%;width:calc(50% - ( ( 4% ) * 0.5 ) );\"><div class=\"fusion-column-wrapper fusion-column-has-shadow fusion-flex-column-wrapper-legacy\"><div class=\"fusion-column-content-centered\"><div class=\"fusion-column-content\"><div class=\"fusion-text fusion-text-2\"><p style=\"text-align: justify;\">Por ello, hemos implementado estrictas medidas de seguridad para todo nuestro equipo siguiendo las recomendaciones de la Organizaci\u00f3n Mundial de la Salud (OMS). Ante esta situaci\u00f3n, estamos realizando un seguimiento continuo del contexto y la implantaci\u00f3n de las medidas adoptadas.<\/p>\n<p style=\"text-align: justify;\">Nuestro Departamento de Atenci\u00f3n al Cliente (<a href=\"mailto:customerservice@termix.net\">customerservice@termix.net<\/a> \/ 902 43 19 57) sigue activo tele trabajando de lunes a viernes de <strong>9 horas a 13 horas<\/strong> para poder resolver todas las dudas.<\/p>\n<p style=\"text-align: justify;\">Insistimos en la necesidad de actuar con el m\u00e1ximo rigor en la aplicaci\u00f3n de las medidas de prevenci\u00f3n, as\u00ed como la necesaria colaboraci\u00f3n por parte de todos para evitar riesgos al conjunto de la sociedad de la que formamos parte<\/p>\n<\/div><div class=\"fusion-text fusion-text-3\"><h3 style=\"font-family: Roboto; font-weight: 300;\" data-fontsize=\"36\" data-lineheight=\"54\" data-fusion-font=\"true\" data-fusion-google-font=\"Roboto\" data-fusion-google-variant=\"300\" data-fusion-google-subset=\"latin\">Ahora lo prioritario es cuidarnos los unos a los otros.<\/h3>\n<\/div><div class=\"fusion-text fusion-text-4\"><h2 style=\"font-size: 34px; font-family: Oswald; font-weight: 200;\" data-fontsize=\"50\" data-lineheight=\"64\" data-fusion-font=\"true\" data-fusion-google-font=\"Oswald\" data-fusion-google-variant=\"200\" data-fusion-google-subset=\"latin\">\u00bfTienes m\u00e1s preguntas?<\/h2>\n<div class=\"fusion-button-wrapper\"><a class=\"fusion-button button-flat fusion-button-default-size button-default fusion-button-default button-1 fusion-button-default-span fusion-button-default-type\" target=\"_self\" href=\"mailto:customerservice@termix.net\"><span class=\"fusion-button-text\">Contacta<\/span><\/a><\/div>\n<\/div><\/div><\/div><div class=\"fusion-clearfix\"><\/div><\/div><\/div><\/div><\/div><div class=\"fusion-fullwidth fullwidth-box fusion-builder-row-3 nonhundred-percent-fullwidth non-hundred-percent-height-scrolling\" style=\"--awb-border-radius-top-left:0px;--awb-border-radius-top-right:0px;--awb-border-radius-bottom-right:0px;--awb-border-radius-bottom-left:0px;\" ><div class=\"fusion-builder-row fusion-row\"><div class=\"fusion-layout-column fusion_builder_column fusion-builder-column-3 fusion_builder_column_1_1 1_1 fusion-one-full fusion-column-first fusion-column-last\" style=\"--awb-bg-size:cover;\"><div class=\"fusion-column-wrapper fusion-column-has-shadow fusion-flex-column-wrapper-legacy\"><div class=\"fusion-text fusion-text-5\"><h2 style=\"text-align: center; font-family: Roboto; font-weight: 300; font-size: 42px;\" data-fontsize=\"50\" data-lineheight=\"64\" data-fusion-font=\"true\" data-fusion-google-font=\"Roboto\" data-fusion-google-variant=\"300\" data-fusion-google-subset=\"latin\">#TermixSiempreContigo<\/h2>\n<h2 style=\"text-align: center; font-family: Roboto; font-weight: 300; font-size: 42px;\" data-fontsize=\"50\" data-lineheight=\"64\" data-fusion-font=\"true\" data-fusion-google-font=\"Roboto\" data-fusion-google-variant=\"300\" data-fusion-google-subset=\"latin\">#Qu\u00e9dateEnCasa<\/h2>\n<\/div><div class=\"fusion-clearfix\"><\/div><\/div><\/div><\/div><\/div><\/p>\n","protected":false},"excerpt":{"rendered":"","protected":false},"author":1,"featured_media":0,"parent":0,"menu_order":0,"comment_status":"closed","ping_status":"closed","template":"","meta":[],"yoast_head":"<!-- This site is optimized with the Yoast SEO plugin v20.0 - https:\/\/yoast.com\/wordpress\/plugins\/seo\/ -->\n<title>FAQ Afectaciones COVID19 - Blog Termix Spain<\/title>\n<meta name=\"description\" content=\"FAQ Afectaciones COVID19 - Blog Termix Spain -\" \/>\n<meta name=\"robots\" content=\"index, follow, max-snippet:-1, max-image-preview:large, max-video-preview:-1\" \/>\n<link rel=\"canonical\" href=\"https:\/\/termix.net\/blog\/es\/preguntas-frecuentes-coronavirus-termix\/\" \/>\n<meta property=\"og:locale\" content=\"es_ES\" \/>\n<meta property=\"og:type\" content=\"article\" \/>\n<meta property=\"og:title\" content=\"FAQ Afectaciones COVID19 - Blog Termix Spain\" \/>\n<meta property=\"og:description\" content=\"FAQ Afectaciones COVID19 - Blog Termix Spain -\" \/>\n<meta property=\"og:url\" content=\"https:\/\/termix.net\/blog\/es\/preguntas-frecuentes-coronavirus-termix\/\" \/>\n<meta property=\"og:site_name\" content=\"Blog Termix Spain\" \/>\n<meta name=\"twitter:card\" content=\"summary_large_image\" \/>\n<meta name=\"twitter:label1\" content=\"Tiempo de lectura\" \/>\n\t<meta name=\"twitter:data1\" content=\"6 minutos\" \/>\n<script type=\"application\/ld+json\" class=\"yoast-schema-graph\">{\"@context\":\"https:\/\/schema.org\",\"@graph\":[{\"@type\":\"WebPage\",\"@id\":\"https:\/\/termix.net\/blog\/es\/preguntas-frecuentes-coronavirus-termix\/\",\"url\":\"https:\/\/termix.net\/blog\/es\/preguntas-frecuentes-coronavirus-termix\/\",\"name\":\"FAQ Afectaciones COVID19 - Blog Termix Spain\",\"isPartOf\":{\"@id\":\"https:\/\/termix.net\/blog\/es\/#website\"},\"datePublished\":\"2020-03-26T15:34:25+00:00\",\"dateModified\":\"2020-03-26T15:34:25+00:00\",\"description\":\"FAQ Afectaciones COVID19 - Blog Termix Spain -\",\"breadcrumb\":{\"@id\":\"https:\/\/termix.net\/blog\/es\/preguntas-frecuentes-coronavirus-termix\/#breadcrumb\"},\"inLanguage\":\"es\",\"potentialAction\":[{\"@type\":\"ReadAction\",\"target\":[\"https:\/\/termix.net\/blog\/es\/preguntas-frecuentes-coronavirus-termix\/\"]}]},{\"@type\":\"BreadcrumbList\",\"@id\":\"https:\/\/termix.net\/blog\/es\/preguntas-frecuentes-coronavirus-termix\/#breadcrumb\",\"itemListElement\":[{\"@type\":\"ListItem\",\"position\":1,\"name\":\"Home\",\"item\":\"https:\/\/termix.net\/blog\/es\/\"},{\"@type\":\"ListItem\",\"position\":2,\"name\":\"FAQ Afectaciones COVID19\"}]},{\"@type\":\"WebSite\",\"@id\":\"https:\/\/termix.net\/blog\/es\/#website\",\"url\":\"https:\/\/termix.net\/blog\/es\/\",\"name\":\"Blog Termix Spain\",\"description\":\"Blog de tendencias y productos de peluquer\u00eda profesional.\",\"publisher\":{\"@id\":\"https:\/\/termix.net\/blog\/es\/#organization\"},\"potentialAction\":[{\"@type\":\"SearchAction\",\"target\":{\"@type\":\"EntryPoint\",\"urlTemplate\":\"https:\/\/termix.net\/blog\/es\/?s={search_term_string}\"},\"query-input\":\"required name=search_term_string\"}],\"inLanguage\":\"es\"},{\"@type\":\"Organization\",\"@id\":\"https:\/\/termix.net\/blog\/es\/#organization\",\"name\":\"Dols Industrial de Peluquer\u00eda SA\",\"url\":\"https:\/\/termix.net\/blog\/es\/\",\"logo\":{\"@type\":\"ImageObject\",\"inLanguage\":\"es\",\"@id\":\"https:\/\/termix.net\/blog\/es\/#\/schema\/logo\/image\/\",\"url\":\"https:\/\/termix.net\/blog\/wp-content\/uploads\/2020\/10\/OGbDAeng.jpeg\",\"contentUrl\":\"https:\/\/termix.net\/blog\/wp-content\/uploads\/2020\/10\/OGbDAeng.jpeg\",\"width\":800,\"height\":800,\"caption\":\"Dols Industrial de Peluquer\u00eda SA\"},\"image\":{\"@id\":\"https:\/\/termix.net\/blog\/es\/#\/schema\/logo\/image\/\"}}]}<\/script>\n<!-- \/ Yoast SEO plugin. -->","yoast_head_json":{"title":"FAQ Afectaciones COVID19 - Blog Termix Spain","description":"FAQ Afectaciones COVID19 - Blog Termix Spain -","robots":{"index":"index","follow":"follow","max-snippet":"max-snippet:-1","max-image-preview":"max-image-preview:large","max-video-preview":"max-video-preview:-1"},"canonical":"https:\/\/termix.net\/blog\/es\/preguntas-frecuentes-coronavirus-termix\/","og_locale":"es_ES","og_type":"article","og_title":"FAQ Afectaciones COVID19 - Blog Termix Spain","og_description":"FAQ Afectaciones COVID19 - Blog Termix Spain -","og_url":"https:\/\/termix.net\/blog\/es\/preguntas-frecuentes-coronavirus-termix\/","og_site_name":"Blog Termix Spain","twitter_card":"summary_large_image","twitter_misc":{"Tiempo de lectura":"6 minutos"},"schema":{"@context":"https:\/\/schema.org","@graph":[{"@type":"WebPage","@id":"https:\/\/termix.net\/blog\/es\/preguntas-frecuentes-coronavirus-termix\/","url":"https:\/\/termix.net\/blog\/es\/preguntas-frecuentes-coronavirus-termix\/","name":"FAQ Afectaciones COVID19 - Blog Termix Spain","isPartOf":{"@id":"https:\/\/termix.net\/blog\/es\/#website"},"datePublished":"2020-03-26T15:34:25+00:00","dateModified":"2020-03-26T15:34:25+00:00","description":"FAQ Afectaciones COVID19 - Blog Termix Spain -","breadcrumb":{"@id":"https:\/\/termix.net\/blog\/es\/preguntas-frecuentes-coronavirus-termix\/#breadcrumb"},"inLanguage":"es","potentialAction":[{"@type":"ReadAction","target":["https:\/\/termix.net\/blog\/es\/preguntas-frecuentes-coronavirus-termix\/"]}]},{"@type":"BreadcrumbList","@id":"https:\/\/termix.net\/blog\/es\/preguntas-frecuentes-coronavirus-termix\/#breadcrumb","itemListElement":[{"@type":"ListItem","position":1,"name":"Home","item":"https:\/\/termix.net\/blog\/es\/"},{"@type":"ListItem","position":2,"name":"FAQ Afectaciones COVID19"}]},{"@type":"WebSite","@id":"https:\/\/termix.net\/blog\/es\/#website","url":"https:\/\/termix.net\/blog\/es\/","name":"Blog Termix Spain","description":"Blog de tendencias y productos de peluquer\u00eda profesional.","publisher":{"@id":"https:\/\/termix.net\/blog\/es\/#organization"},"potentialAction":[{"@type":"SearchAction","target":{"@type":"EntryPoint","urlTemplate":"https:\/\/termix.net\/blog\/es\/?s={search_term_string}"},"query-input":"required name=search_term_string"}],"inLanguage":"es"},{"@type":"Organization","@id":"https:\/\/termix.net\/blog\/es\/#organization","name":"Dols Industrial de Peluquer\u00eda SA","url":"https:\/\/termix.net\/blog\/es\/","logo":{"@type":"ImageObject","inLanguage":"es","@id":"https:\/\/termix.net\/blog\/es\/#\/schema\/logo\/image\/","url":"https:\/\/termix.net\/blog\/wp-content\/uploads\/2020\/10\/OGbDAeng.jpeg","contentUrl":"https:\/\/termix.net\/blog\/wp-content\/uploads\/2020\/10\/OGbDAeng.jpeg","width":800,"height":800,"caption":"Dols Industrial de Peluquer\u00eda SA"},"image":{"@id":"https:\/\/termix.net\/blog\/es\/#\/schema\/logo\/image\/"}}]}},"_links":{"self":[{"href":"https:\/\/termix.net\/blog\/es\/wp-json\/wp\/v2\/pages\/25745"}],"collection":[{"href":"https:\/\/termix.net\/blog\/es\/wp-json\/wp\/v2\/pages"}],"about":[{"href":"https:\/\/termix.net\/blog\/es\/wp-json\/wp\/v2\/types\/page"}],"author":[{"embeddable":true,"href":"https:\/\/termix.net\/blog\/es\/wp-json\/wp\/v2\/users\/1"}],"replies":[{"embeddable":true,"href":"https:\/\/termix.net\/blog\/es\/wp-json\/wp\/v2\/comments?post=25745"}],"version-history":[{"count":11,"href":"https:\/\/termix.net\/blog\/es\/wp-json\/wp\/v2\/pages\/25745\/revisions"}],"predecessor-version":[{"id":25770,"href":"https:\/\/termix.net\/blog\/es\/wp-json\/wp\/v2\/pages\/25745\/revisions\/25770"}],"wp:attachment":[{"href":"https:\/\/termix.net\/blog\/es\/wp-json\/wp\/v2\/media?parent=25745"}],"curies":[{"name":"wp","href":"https:\/\/api.w.org\/{rel}","templated":true}]}}