{"id":25068,"date":"2019-11-19T19:52:40","date_gmt":"2019-11-19T18:52:40","guid":{"rendered":"https:\/\/termixuri2.pre-testing.com\/blog\/envio-y-plazos-de-entrega\/"},"modified":"2022-03-02T07:12:20","modified_gmt":"2022-03-02T06:12:20","slug":"shipping-and-delivery-times","status":"publish","type":"page","link":"https:\/\/termix.net\/blog\/en\/shipping-and-delivery-times\/","title":{"rendered":"Shipping and delivery times"},"content":{"rendered":"<p><div class=\"fusion-fullwidth fullwidth-box fusion-builder-row-1 nonhundred-percent-fullwidth non-hundred-percent-height-scrolling\" style=\"--awb-border-radius-top-left:0px;--awb-border-radius-top-right:0px;--awb-border-radius-bottom-right:0px;--awb-border-radius-bottom-left:0px;--awb-margin-top:0px;--awb-margin-bottom:0px;--awb-background-color:#ffffff;\" ><div class=\"fusion-builder-row fusion-row\"><div class=\"fusion-layout-column fusion_builder_column fusion-builder-column-0 fusion_builder_column_1_1 1_1 fusion-one-full fusion-column-first fusion-column-last\" style=\"--awb-bg-color:#ffffff;--awb-bg-size:cover;--awb-margin-top:0px;--awb-margin-bottom:0px;\"><div class=\"fusion-column-wrapper fusion-column-has-shadow fusion-flex-column-wrapper-legacy\"><div class=\"fusion-title title fusion-title-1 fusion-sep-none fusion-title-text fusion-title-size-one\"><h1 class=\"title-heading-left fusion-responsive-typography-calculated\" style=\"margin:0;--fontSize:75;line-height:1.2;\"><h1 style=\"text-align: center;\">Env\u00edo y plazos de entrega<\/h1><\/h1><\/div><div class=\"fusion-clearfix\"><\/div><\/div><\/div><\/div><\/div><div class=\"fusion-fullwidth fullwidth-box fusion-builder-row-2 hundred-percent-fullwidth non-hundred-percent-height-scrolling\" style=\"--awb-border-radius-top-left:0px;--awb-border-radius-top-right:0px;--awb-border-radius-bottom-right:0px;--awb-border-radius-bottom-left:0px;\" ><div class=\"fusion-builder-row fusion-row\"><div class=\"fusion-layout-column fusion_builder_column fusion-builder-column-1 fusion_builder_column_1_2 1_2 fusion-one-half fusion-column-first\" style=\"--awb-bg-image:url(&#039;https:\/\/termix.net\/blog\/wp-content\/uploads\/2019\/11\/fabrica_entrega.jpg&#039;);--awb-bg-position:left center;--awb-bg-size:cover;width:50%;width:calc(50% - ( ( 4% ) * 0.5 ) );margin-right: 4%;\"><div class=\"fusion-column-wrapper fusion-column-has-shadow fusion-flex-column-wrapper-legacy fusion-empty-column-bg-image\" data-bg-url=\"https:\/\/termix.net\/blog\/wp-content\/uploads\/2019\/11\/fabrica_entrega.jpg\"><img class=\"fusion-empty-dims-img-placeholder\" src=\"data:image\/svg+xml,%3Csvg%20xmlns%3D%27http%3A%2F%2Fwww.w3.org%2F2000%2Fsvg%27%20width%3D%271200%27%20height%3D%271200%27%20viewBox%3D%270%200%201200%201200%27%3E%3Crect%20width%3D%271200%27%20height%3D%271200%27%20fill-opacity%3D%220%22%2F%3E%3C%2Fsvg%3E\"><div class=\"fusion-clearfix\"><\/div><\/div><\/div><div class=\"fusion-layout-column fusion_builder_column fusion-builder-column-2 fusion_builder_column_1_2 1_2 fusion-one-half fusion-column-last fusion-column-no-min-height\" style=\"--awb-padding-right:6%;--awb-padding-left:20%;--awb-bg-size:cover;width:50%;width:calc(50% - ( ( 4% ) * 0.5 ) );\"><div class=\"fusion-column-wrapper fusion-column-has-shadow fusion-flex-column-wrapper-legacy\"><div class=\"fusion-column-content-centered\"><div class=\"fusion-column-content\"><div class=\"fusion-text fusion-text-1\"><h4>Termix realiza env\u00edos a Espa\u00f1a *<\/h4>\n<p>*Excepto Ceuta, Melilla e Islas Canarias<\/p>\n<div class=\"fusion-sep-clear\"><\/div><div class=\"fusion-separator fusion-full-width-sep\" style=\"margin-left: auto;margin-right: auto;width:100%;\"><div class=\"fusion-separator-border sep-single sep-solid\" style=\"--awb-height:20px;--awb-amount:20px;border-color:#d1d1d1;border-top-width:1px;\"><\/div><\/div><div class=\"fusion-sep-clear\"><\/div>\n<h3>Condiciones:<\/h3>\n<ul>\n<li>El pedido ser\u00e1 enviado a la <strong>direcci\u00f3n que indicaste<\/strong> en el momento en el que hiciste tu compra.<\/li>\n<li>Una vez recibido tu correo electr\u00f3nico de confirmaci\u00f3n de pedido, el plazo de entrega es de <strong>48 horas laborales<\/strong>. Durante periodos promocionales, festivos, o por fechas puntuales de pedidos masivos los env\u00edos pueden sufrir retrasos debido al aumento del n\u00famero de env\u00edos. Si una vez realizado el pedido tienes dudas, por favor, ponte en contacto con nosotros.<\/li>\n<li>En env\u00edos a poblaciones alejadas a m\u00e1s de 50km de cualquier delegaci\u00f3n de agencia de transporte, la entrega puede variar entre <strong>24\/48 horas<\/strong> al tratarse de situaciones especiales.<\/li>\n<li>Termix hace todo lo posible para respetar los plazos de entrega mencionados. Sin embargo, no se hace responsable de las consecuencias debidas a un retraso de env\u00edo o a una p\u00e9rdida del paquete ocasionados por personas ajenas al contrato de transporte, o por razones o causas imprevisibles o insalvables de fuerza mayor.<\/li>\n<\/ul>\n<div class=\"fusion-sep-clear\"><\/div><div class=\"fusion-separator fusion-full-width-sep\" style=\"margin-left: auto;margin-right: auto;width:100%;\"><div class=\"fusion-separator-border sep-single sep-solid\" style=\"--awb-height:20px;--awb-amount:20px;border-color:#d1d1d1;border-top-width:1px;\"><\/div><\/div><div class=\"fusion-sep-clear\"><\/div>\n<h3>Gastos de env\u00edo:<\/h3>\n<ul>\n<li>Los gastos de env\u00edo son <strong>gratis<\/strong> en pedidos<strong> superiores o iguales a<\/strong> <strong>40\u20ac<\/strong>. Para pedidos menores, los gastos de env\u00edo ser\u00e1n de <strong>5,99\u20ac<\/strong>.<\/li>\n<\/ul>\n<div class=\"fusion-sep-clear\"><\/div><div class=\"fusion-separator fusion-full-width-sep\" style=\"margin-left: auto;margin-right: auto;width:100%;\"><div class=\"fusion-separator-border sep-single sep-solid\" style=\"--awb-height:20px;--awb-amount:20px;border-color:#d1d1d1;border-top-width:1px;\"><\/div><\/div><div class=\"fusion-sep-clear\"><\/div>\n<\/div><div class=\"fusion-text fusion-text-2\"><div class=\"fusion-sep-clear\"><\/div><div class=\"fusion-separator fusion-full-width-sep\" style=\"margin-left: auto;margin-right: auto;width:100%;\"><div class=\"fusion-separator-border sep-single sep-solid\" style=\"--awb-height:20px;--awb-amount:20px;border-color:#d1d1d1;border-top-width:1px;\"><\/div><\/div><div class=\"fusion-sep-clear\"><\/div>\n<p><img decoding=\"async\" class=\"alignnone size-full wp-image-21338\" src=\"https:\/\/termix.net\/blog\/wp-content\/uploads\/2019\/11\/plazos-de-entrega.jpg\" alt=\"\" width=\"1200\" height=\"221\" srcset=\"https:\/\/termix.net\/blog\/wp-content\/uploads\/2019\/11\/plazos-de-entrega-200x37.jpg 200w, https:\/\/termix.net\/blog\/wp-content\/uploads\/2019\/11\/plazos-de-entrega-300x55.jpg 300w, https:\/\/termix.net\/blog\/wp-content\/uploads\/2019\/11\/plazos-de-entrega-400x74.jpg 400w, https:\/\/termix.net\/blog\/wp-content\/uploads\/2019\/11\/plazos-de-entrega-600x111.jpg 600w, https:\/\/termix.net\/blog\/wp-content\/uploads\/2019\/11\/plazos-de-entrega-768x141.jpg 768w, https:\/\/termix.net\/blog\/wp-content\/uploads\/2019\/11\/plazos-de-entrega-800x147.jpg 800w, https:\/\/termix.net\/blog\/wp-content\/uploads\/2019\/11\/plazos-de-entrega-1024x189.jpg 1024w, https:\/\/termix.net\/blog\/wp-content\/uploads\/2019\/11\/plazos-de-entrega.jpg 1200w\" sizes=\"(max-width: 1200px) 100vw, 1200px\" \/><\/p>\n<\/div><\/div><\/div><div class=\"fusion-clearfix\"><\/div><\/div><\/div><\/div><\/div><\/p>\n","protected":false},"excerpt":{"rendered":"","protected":false},"author":1,"featured_media":0,"parent":0,"menu_order":0,"comment_status":"closed","ping_status":"closed","template":"100-width.php","meta":[],"yoast_head":"<!-- This site is optimized with the Yoast SEO plugin v20.0 - https:\/\/yoast.com\/wordpress\/plugins\/seo\/ -->\n<title>Shipping and delivery times - Blog Termix Spain<\/title>\n<meta name=\"description\" content=\"Shipping and delivery times - Blog Termix Spain -\" \/>\n<meta name=\"robots\" content=\"index, follow, max-snippet:-1, max-image-preview:large, max-video-preview:-1\" \/>\n<link rel=\"canonical\" href=\"https:\/\/termix.net\/blog\/en\/shipping-and-delivery-times\/\" \/>\n<meta property=\"og:locale\" content=\"en_US\" \/>\n<meta property=\"og:type\" content=\"article\" \/>\n<meta property=\"og:title\" content=\"Shipping and delivery times - Blog Termix Spain\" \/>\n<meta property=\"og:description\" content=\"Shipping and delivery times - Blog Termix Spain -\" \/>\n<meta property=\"og:url\" content=\"https:\/\/termix.net\/blog\/en\/shipping-and-delivery-times\/\" \/>\n<meta property=\"og:site_name\" content=\"Blog Termix Spain\" \/>\n<meta property=\"article:modified_time\" content=\"2022-03-02T06:12:20+00:00\" \/>\n<meta property=\"og:image\" content=\"https:\/\/termix.net\/blog\/wp-content\/uploads\/2019\/11\/plazos-de-entrega.jpg\" \/>\n<meta name=\"twitter:card\" content=\"summary_large_image\" \/>\n<meta name=\"twitter:label1\" content=\"Est. reading time\" \/>\n\t<meta name=\"twitter:data1\" content=\"3 minutes\" \/>\n<script type=\"application\/ld+json\" class=\"yoast-schema-graph\">{\"@context\":\"https:\/\/schema.org\",\"@graph\":[{\"@type\":\"WebPage\",\"@id\":\"https:\/\/termix.net\/blog\/en\/shipping-and-delivery-times\/\",\"url\":\"https:\/\/termix.net\/blog\/en\/shipping-and-delivery-times\/\",\"name\":\"Shipping and delivery times - Blog Termix Spain\",\"isPartOf\":{\"@id\":\"https:\/\/termix.net\/blog\/en\/#website\"},\"datePublished\":\"2019-11-19T18:52:40+00:00\",\"dateModified\":\"2022-03-02T06:12:20+00:00\",\"description\":\"Shipping and delivery times - Blog Termix Spain -\",\"breadcrumb\":{\"@id\":\"https:\/\/termix.net\/blog\/en\/shipping-and-delivery-times\/#breadcrumb\"},\"inLanguage\":\"en-US\",\"potentialAction\":[{\"@type\":\"ReadAction\",\"target\":[\"https:\/\/termix.net\/blog\/en\/shipping-and-delivery-times\/\"]}]},{\"@type\":\"BreadcrumbList\",\"@id\":\"https:\/\/termix.net\/blog\/en\/shipping-and-delivery-times\/#breadcrumb\",\"itemListElement\":[{\"@type\":\"ListItem\",\"position\":1,\"name\":\"Home\",\"item\":\"https:\/\/termix.net\/blog\/en\/\"},{\"@type\":\"ListItem\",\"position\":2,\"name\":\"Shipping and delivery times\"}]},{\"@type\":\"WebSite\",\"@id\":\"https:\/\/termix.net\/blog\/en\/#website\",\"url\":\"https:\/\/termix.net\/blog\/en\/\",\"name\":\"Blog Termix Spain\",\"description\":\"Blog de tendencias y productos de peluquer\u00eda profesional.\",\"publisher\":{\"@id\":\"https:\/\/termix.net\/blog\/en\/#organization\"},\"potentialAction\":[{\"@type\":\"SearchAction\",\"target\":{\"@type\":\"EntryPoint\",\"urlTemplate\":\"https:\/\/termix.net\/blog\/en\/?s={search_term_string}\"},\"query-input\":\"required name=search_term_string\"}],\"inLanguage\":\"en-US\"},{\"@type\":\"Organization\",\"@id\":\"https:\/\/termix.net\/blog\/en\/#organization\",\"name\":\"Dols Industrial de Peluquer\u00eda SA\",\"url\":\"https:\/\/termix.net\/blog\/en\/\",\"logo\":{\"@type\":\"ImageObject\",\"inLanguage\":\"en-US\",\"@id\":\"https:\/\/termix.net\/blog\/en\/#\/schema\/logo\/image\/\",\"url\":\"https:\/\/termix.net\/blog\/wp-content\/uploads\/2020\/10\/OGbDAeng.jpeg\",\"contentUrl\":\"https:\/\/termix.net\/blog\/wp-content\/uploads\/2020\/10\/OGbDAeng.jpeg\",\"width\":800,\"height\":800,\"caption\":\"Dols Industrial de Peluquer\u00eda SA\"},\"image\":{\"@id\":\"https:\/\/termix.net\/blog\/en\/#\/schema\/logo\/image\/\"}}]}<\/script>\n<!-- \/ Yoast SEO plugin. -->","yoast_head_json":{"title":"Shipping and delivery times - Blog Termix Spain","description":"Shipping and delivery times - Blog Termix Spain -","robots":{"index":"index","follow":"follow","max-snippet":"max-snippet:-1","max-image-preview":"max-image-preview:large","max-video-preview":"max-video-preview:-1"},"canonical":"https:\/\/termix.net\/blog\/en\/shipping-and-delivery-times\/","og_locale":"en_US","og_type":"article","og_title":"Shipping and delivery times - Blog Termix Spain","og_description":"Shipping and delivery times - Blog Termix Spain -","og_url":"https:\/\/termix.net\/blog\/en\/shipping-and-delivery-times\/","og_site_name":"Blog Termix Spain","article_modified_time":"2022-03-02T06:12:20+00:00","og_image":[{"url":"https:\/\/termix.net\/blog\/wp-content\/uploads\/2019\/11\/plazos-de-entrega.jpg"}],"twitter_card":"summary_large_image","twitter_misc":{"Est. reading time":"3 minutes"},"schema":{"@context":"https:\/\/schema.org","@graph":[{"@type":"WebPage","@id":"https:\/\/termix.net\/blog\/en\/shipping-and-delivery-times\/","url":"https:\/\/termix.net\/blog\/en\/shipping-and-delivery-times\/","name":"Shipping and delivery times - Blog Termix Spain","isPartOf":{"@id":"https:\/\/termix.net\/blog\/en\/#website"},"datePublished":"2019-11-19T18:52:40+00:00","dateModified":"2022-03-02T06:12:20+00:00","description":"Shipping and delivery times - Blog Termix Spain -","breadcrumb":{"@id":"https:\/\/termix.net\/blog\/en\/shipping-and-delivery-times\/#breadcrumb"},"inLanguage":"en-US","potentialAction":[{"@type":"ReadAction","target":["https:\/\/termix.net\/blog\/en\/shipping-and-delivery-times\/"]}]},{"@type":"BreadcrumbList","@id":"https:\/\/termix.net\/blog\/en\/shipping-and-delivery-times\/#breadcrumb","itemListElement":[{"@type":"ListItem","position":1,"name":"Home","item":"https:\/\/termix.net\/blog\/en\/"},{"@type":"ListItem","position":2,"name":"Shipping and delivery times"}]},{"@type":"WebSite","@id":"https:\/\/termix.net\/blog\/en\/#website","url":"https:\/\/termix.net\/blog\/en\/","name":"Blog Termix Spain","description":"Blog de tendencias y productos de peluquer\u00eda profesional.","publisher":{"@id":"https:\/\/termix.net\/blog\/en\/#organization"},"potentialAction":[{"@type":"SearchAction","target":{"@type":"EntryPoint","urlTemplate":"https:\/\/termix.net\/blog\/en\/?s={search_term_string}"},"query-input":"required name=search_term_string"}],"inLanguage":"en-US"},{"@type":"Organization","@id":"https:\/\/termix.net\/blog\/en\/#organization","name":"Dols Industrial de Peluquer\u00eda SA","url":"https:\/\/termix.net\/blog\/en\/","logo":{"@type":"ImageObject","inLanguage":"en-US","@id":"https:\/\/termix.net\/blog\/en\/#\/schema\/logo\/image\/","url":"https:\/\/termix.net\/blog\/wp-content\/uploads\/2020\/10\/OGbDAeng.jpeg","contentUrl":"https:\/\/termix.net\/blog\/wp-content\/uploads\/2020\/10\/OGbDAeng.jpeg","width":800,"height":800,"caption":"Dols Industrial de Peluquer\u00eda SA"},"image":{"@id":"https:\/\/termix.net\/blog\/en\/#\/schema\/logo\/image\/"}}]}},"_links":{"self":[{"href":"https:\/\/termix.net\/blog\/en\/wp-json\/wp\/v2\/pages\/25068"}],"collection":[{"href":"https:\/\/termix.net\/blog\/en\/wp-json\/wp\/v2\/pages"}],"about":[{"href":"https:\/\/termix.net\/blog\/en\/wp-json\/wp\/v2\/types\/page"}],"author":[{"embeddable":true,"href":"https:\/\/termix.net\/blog\/en\/wp-json\/wp\/v2\/users\/1"}],"replies":[{"embeddable":true,"href":"https:\/\/termix.net\/blog\/en\/wp-json\/wp\/v2\/comments?post=25068"}],"version-history":[{"count":5,"href":"https:\/\/termix.net\/blog\/en\/wp-json\/wp\/v2\/pages\/25068\/revisions"}],"predecessor-version":[{"id":33409,"href":"https:\/\/termix.net\/blog\/en\/wp-json\/wp\/v2\/pages\/25068\/revisions\/33409"}],"wp:attachment":[{"href":"https:\/\/termix.net\/blog\/en\/wp-json\/wp\/v2\/media?parent=25068"}],"curies":[{"name":"wp","href":"https:\/\/api.w.org\/{rel}","templated":true}]}}